{"id":415,"date":"2020-02-18T11:10:58","date_gmt":"2020-02-18T10:10:58","guid":{"rendered":"http:\/\/soma.wagemut.design\/?page_id=415"},"modified":"2023-01-27T17:25:51","modified_gmt":"2023-01-27T16:25:51","slug":"investors","status":"publish","type":"page","link":"https:\/\/somapharm.ch\/en\/investors\/","title":{"rendered":"Investors"},"content":{"rendered":"<h2>Investoren <br \/><\/h2>\n<h3>Die Botschaft von Herr Rajko Babovic an Investoren:<\/h3>\n<p>\u201eErhalten Sie konkurrenzlosen Zugang zu einem der f\u00fchrenden Med-Tech-Investmentangebote in der Schweiz, basierend auf SOMAPHARM\u2019s eigenen Innovationen und Innovationen von unseren gesch\u00e4tzten Partnern weltweit, und investieren Sie zusammen mit professionellen Investoren.<\/p>\n<p>Profitieren Sie von der zus\u00e4tzlichen Sicherheit einem etablierten, seri\u00f6sen Schweizer Unternehmen zu vertrauen, das seit 1989 an derselben Adresse in Baar im Kanton Zug t\u00e4tig ist und jetzt von einem neuen Management- und Investitionsplan unterst\u00fctzt wird.\u201d<\/p>\n<p>\t\t\t\t\t\t\t\t\t\t\t\t<img loading=\"lazy\" decoding=\"async\" width=\"500\" height=\"500\" src=\"https:\/\/somapharm.ch\/wp-content\/uploads\/2021\/02\/3H8A1856-8.jpg\" alt=\"\" loading=\"lazy\" srcset=\"https:\/\/somapharm.ch\/wp-content\/uploads\/2021\/02\/3H8A1856-8.jpg 1080w, https:\/\/somapharm.ch\/wp-content\/uploads\/2021\/02\/3H8A1856-8-300x300.jpg 300w, https:\/\/somapharm.ch\/wp-content\/uploads\/2021\/02\/3H8A1856-8-100x100.jpg 100w, https:\/\/somapharm.ch\/wp-content\/uploads\/2021\/02\/3H8A1856-8-600x600.jpg 600w\" sizes=\"(max-width: 500px) 100vw, 500px\" \/>\t\t\t\t\t\t\t\t\t\t\t\t\t\t<\/p>\n<h2>Who we are<\/h2>\n<ul>\n<li>\n\t\t\t\t\t\t\t<svg xmlns=\"http:\/\/www.w3.org\/2000\/svg\" height=\"17\" viewBox=\"0 0 17 17\" width=\"17\"><g fill=\"none\" fill-rule=\"evenodd\" stroke=\"#06c\"><circle cx=\"8.5\" cy=\"8.5\" r=\"7.5\"><\/circle><circle cx=\"8.5\" cy=\"8.5\" fill=\"#004e9d\" r=\"3.5\"><\/circle><\/g><\/svg><br \/>\n\t\t\t\t\t\t\t\t\t\tSOMAPHARM is a leading provider of medical products in Switzerland.\n\t\t\t\t\t\t\t\t\t<\/li>\n<li>\n\t\t\t\t\t\t\t<svg xmlns=\"http:\/\/www.w3.org\/2000\/svg\" height=\"17\" viewBox=\"0 0 17 17\" width=\"17\"><g fill=\"none\" fill-rule=\"evenodd\" stroke=\"#06c\"><circle cx=\"8.5\" cy=\"8.5\" r=\"7.5\"><\/circle><circle cx=\"8.5\" cy=\"8.5\" fill=\"#004e9d\" r=\"3.5\"><\/circle><\/g><\/svg><br \/>\n\t\t\t\t\t\t\t\t\t\tSOMAPHARM can look back more than 25 years of successful sales in the medical industry.\n\t\t\t\t\t\t\t\t\t<\/li>\n<li>\n\t\t\t\t\t\t\t<svg xmlns=\"http:\/\/www.w3.org\/2000\/svg\" height=\"17\" viewBox=\"0 0 17 17\" width=\"17\"><g fill=\"none\" fill-rule=\"evenodd\" stroke=\"#06c\"><circle cx=\"8.5\" cy=\"8.5\" r=\"7.5\"><\/circle><circle cx=\"8.5\" cy=\"8.5\" fill=\"#004e9d\" r=\"3.5\"><\/circle><\/g><\/svg><br \/>\n\t\t\t\t\t\t\t\t\t\tSOMAPHARM has already successfully positioned several revolutionary products in the field of brain surgery, setting new standards.\n\t\t\t\t\t\t\t\t\t<\/li>\n<li>\n\t\t\t\t\t\t\t<svg xmlns=\"http:\/\/www.w3.org\/2000\/svg\" height=\"17\" viewBox=\"0 0 17 17\" width=\"17\"><g fill=\"none\" fill-rule=\"evenodd\" stroke=\"#06c\"><circle cx=\"8.5\" cy=\"8.5\" r=\"7.5\"><\/circle><circle cx=\"8.5\" cy=\"8.5\" fill=\"#004e9d\" r=\"3.5\"><\/circle><\/g><\/svg><br \/>\n\t\t\t\t\t\t\t\t\t\tSOMAPHARM offers a variety of products for clinics and medical practices, and primarily advises surgical departments on the introduction of new applications.\n\t\t\t\t\t\t\t\t\t<\/li>\n<li>\n\t\t\t\t\t\t\t<svg xmlns=\"http:\/\/www.w3.org\/2000\/svg\" height=\"17\" viewBox=\"0 0 17 17\" width=\"17\"><g fill=\"none\" fill-rule=\"evenodd\" stroke=\"#06c\"><circle cx=\"8.5\" cy=\"8.5\" r=\"7.5\"><\/circle><circle cx=\"8.5\" cy=\"8.5\" fill=\"#004e9d\" r=\"3.5\"><\/circle><\/g><\/svg><br \/>\n\t\t\t\t\t\t\t\t\t\tSOMAPHARM&#8217;s customers include the most important clinics in Switzerland. Including the university hospitals: Zurich, Berne, Basel, Lausanne, Geneva, the Hirslanden Group, almost all cantonal hospitals and a number of medical practices and private institutions.\n\t\t\t\t\t\t\t\t\t<\/li>\n<\/ul>\n<h2>Our aim<\/h2>\n<ul>\n<li>\n\t\t\t\t\t\t\t<svg xmlns=\"http:\/\/www.w3.org\/2000\/svg\" height=\"17\" viewBox=\"0 0 17 17\" width=\"17\"><g fill=\"none\" fill-rule=\"evenodd\" stroke=\"#06c\"><circle cx=\"8.5\" cy=\"8.5\" r=\"7.5\"><\/circle><circle cx=\"8.5\" cy=\"8.5\" fill=\"#004e9d\" r=\"3.5\"><\/circle><\/g><\/svg><br \/>\n\t\t\t\t\t\t\t\t\t\tSOMAPHARM sets new standards in mobile medicine and stands for portability in healthcare.\n\t\t\t\t\t\t\t\t\t<\/li>\n<li>\n\t\t\t\t\t\t\t<svg xmlns=\"http:\/\/www.w3.org\/2000\/svg\" height=\"17\" viewBox=\"0 0 17 17\" width=\"17\"><g fill=\"none\" fill-rule=\"evenodd\" stroke=\"#06c\"><circle cx=\"8.5\" cy=\"8.5\" r=\"7.5\"><\/circle><circle cx=\"8.5\" cy=\"8.5\" fill=\"#004e9d\" r=\"3.5\"><\/circle><\/g><\/svg><br \/>\n\t\t\t\t\t\t\t\t\t\tSOMAPHARM increases patients&#8217; chances with the best possible on-site infrastructure.\n\t\t\t\t\t\t\t\t\t<\/li>\n<li>\n\t\t\t\t\t\t\t<svg xmlns=\"http:\/\/www.w3.org\/2000\/svg\" height=\"17\" viewBox=\"0 0 17 17\" width=\"17\"><g fill=\"none\" fill-rule=\"evenodd\" stroke=\"#06c\"><circle cx=\"8.5\" cy=\"8.5\" r=\"7.5\"><\/circle><circle cx=\"8.5\" cy=\"8.5\" fill=\"#004e9d\" r=\"3.5\"><\/circle><\/g><\/svg><br \/>\n\t\t\t\t\t\t\t\t\t\tSOMAPHARM enables new, immediate life-saving measures for doctors and rescue teams.\n\t\t\t\t\t\t\t\t\t<\/li>\n<li>\n\t\t\t\t\t\t\t<svg xmlns=\"http:\/\/www.w3.org\/2000\/svg\" height=\"17\" viewBox=\"0 0 17 17\" width=\"17\"><g fill=\"none\" fill-rule=\"evenodd\" stroke=\"#06c\"><circle cx=\"8.5\" cy=\"8.5\" r=\"7.5\"><\/circle><circle cx=\"8.5\" cy=\"8.5\" fill=\"#004e9d\" r=\"3.5\"><\/circle><\/g><\/svg><br \/>\n\t\t\t\t\t\t\t\t\t\tSOMAPHARM makes medicine more accessible and economical on a global scale.\n\t\t\t\t\t\t\t\t\t<\/li>\n<li>\n\t\t\t\t\t\t\t<svg xmlns=\"http:\/\/www.w3.org\/2000\/svg\" height=\"17\" viewBox=\"0 0 17 17\" width=\"17\"><g fill=\"none\" fill-rule=\"evenodd\" stroke=\"#06c\"><circle cx=\"8.5\" cy=\"8.5\" r=\"7.5\"><\/circle><circle cx=\"8.5\" cy=\"8.5\" fill=\"#004e9d\" r=\"3.5\"><\/circle><\/g><\/svg><br \/>\n\t\t\t\t\t\t\t\t\t\tSOMAPHARM decentralises hospitals, thereby reducing healthcare costs.\n\t\t\t\t\t\t\t\t\t<\/li>\n<\/ul>\n<h2>What we offer<\/h2>\n<ul>\n<li>\n\t\t\t\t\t\t\t<svg xmlns=\"http:\/\/www.w3.org\/2000\/svg\" height=\"17\" viewBox=\"0 0 17 17\" width=\"17\"><g fill=\"none\" fill-rule=\"evenodd\" stroke=\"#06c\"><circle cx=\"8.5\" cy=\"8.5\" r=\"7.5\"><\/circle><circle cx=\"8.5\" cy=\"8.5\" fill=\"#004e9d\" r=\"3.5\"><\/circle><\/g><\/svg><br \/>\n\t\t\t\t\t\t\t\t\t\tSOMAPHARM stands for stability through its business model and many years of experience.\n\t\t\t\t\t\t\t\t\t<\/li>\n<li>\n\t\t\t\t\t\t\t<svg xmlns=\"http:\/\/www.w3.org\/2000\/svg\" height=\"17\" viewBox=\"0 0 17 17\" width=\"17\"><g fill=\"none\" fill-rule=\"evenodd\" stroke=\"#06c\"><circle cx=\"8.5\" cy=\"8.5\" r=\"7.5\"><\/circle><circle cx=\"8.5\" cy=\"8.5\" fill=\"#004e9d\" r=\"3.5\"><\/circle><\/g><\/svg><br \/>\n\t\t\t\t\t\t\t\t\t\tSOMAPHARM provides security through a very prudent, but proven, business strategy.\n\t\t\t\t\t\t\t\t\t<\/li>\n<li>\n\t\t\t\t\t\t\t<svg xmlns=\"http:\/\/www.w3.org\/2000\/svg\" height=\"17\" viewBox=\"0 0 17 17\" width=\"17\"><g fill=\"none\" fill-rule=\"evenodd\" stroke=\"#06c\"><circle cx=\"8.5\" cy=\"8.5\" r=\"7.5\"><\/circle><circle cx=\"8.5\" cy=\"8.5\" fill=\"#004e9d\" r=\"3.5\"><\/circle><\/g><\/svg><br \/>\n\t\t\t\t\t\t\t\t\t\tSOMAPHARM generates above-average and sustainable returns in the healthcare sector.\n\t\t\t\t\t\t\t\t\t<\/li>\n<li>\n\t\t\t\t\t\t\t<svg xmlns=\"http:\/\/www.w3.org\/2000\/svg\" height=\"17\" viewBox=\"0 0 17 17\" width=\"17\"><g fill=\"none\" fill-rule=\"evenodd\" stroke=\"#06c\"><circle cx=\"8.5\" cy=\"8.5\" r=\"7.5\"><\/circle><circle cx=\"8.5\" cy=\"8.5\" fill=\"#004e9d\" r=\"3.5\"><\/circle><\/g><\/svg><br \/>\n\t\t\t\t\t\t\t\t\t\tSOMAPHARM is a commitment to the future of mobile and portable medicine.\n\t\t\t\t\t\t\t\t\t<\/li>\n<li>\n\t\t\t\t\t\t\t<svg xmlns=\"http:\/\/www.w3.org\/2000\/svg\" height=\"17\" viewBox=\"0 0 17 17\" width=\"17\"><g fill=\"none\" fill-rule=\"evenodd\" stroke=\"#06c\"><circle cx=\"8.5\" cy=\"8.5\" r=\"7.5\"><\/circle><circle cx=\"8.5\" cy=\"8.5\" fill=\"#004e9d\" r=\"3.5\"><\/circle><\/g><\/svg><br \/>\n\t\t\t\t\t\t\t\t\t\tSOMAPHARM offers experienced management and a business model that has already been proven.\n\t\t\t\t\t\t\t\t\t<\/li>\n<\/ul>\n<h2>Switzerland&#8217;s medical technology industry<\/h2>\n<p>\t\t\t\t\t\t\t\t\t\t\t\t\t<a href=\"https:\/\/somapharm.ch\/wp-content\/uploads\/2020\/02\/Infografik-2_small-retina.jpg\" data-elementor-open-lightbox=\"yes\" data-elementor-lightbox-title=\"Infografik-2_small-retina.jpg\" e-action-hash=\"#elementor-action%3Aaction%3Dlightbox%26settings%3DeyJpZCI6MjQ5LCJ1cmwiOiJodHRwczpcL1wvc29tYXBoYXJtLmNoXC93cC1jb250ZW50XC91cGxvYWRzXC8yMDIwXC8wMlwvSW5mb2dyYWZpay0yX3NtYWxsLXJldGluYS5qcGcifQ%3D%3D\"><br \/>\n\t\t\t\t\t\t\t<img loading=\"lazy\" decoding=\"async\" width=\"1024\" height=\"646\" src=\"https:\/\/somapharm.ch\/wp-content\/uploads\/2020\/02\/Infografik-2_small-retina.jpg\" alt=\"\" loading=\"lazy\" srcset=\"https:\/\/somapharm.ch\/wp-content\/uploads\/2020\/02\/Infografik-2_small-retina.jpg 1580w, https:\/\/somapharm.ch\/wp-content\/uploads\/2020\/02\/Infografik-2_small-retina-600x378.jpg 600w\" sizes=\"(max-width: 1024px) 100vw, 1024px\" \/>\t\t\t\t\t\t\t\t<\/a><br \/>\n\t\t\t\t0<br \/>\n\t\t\t\t<svg xmlns=\"http:\/\/www.w3.org\/2000\/svg\" height=\"46\" viewBox=\"0 0 42 46\" width=\"42\"><path d=\"m14.75 45.9166667h-8.33333333c-3.45177969 0-6.25-2.7982203-6.25-6.25v-22.9166667c0-.6428967.29681842-1.2497834.80429039-1.6444838l18.75000004-14.58333332c.7523135-.58513273 1.8057723-.58513273 2.5580858 0l18.75 14.58333332c.507472.3947004.8042904 1.0015871.8042904 1.6444838v22.9166667c0 3.4517797-2.7982203 6.25-6.25 6.25h-8.3333333zm6.25-41.11070507-16.66666667 12.96296297v21.8977421c0 1.1505932.93274011 2.0833333 2.08333334 2.0833333l6.25000003-.0006667v-18.7493333c0-1.1005674.8533954-2.0018137 1.9345501-2.0781024l.1487832-.0052309h12.5c1.1505932 0 2.0833333.9327401 2.0833333 2.0833333l-.0006666 18.7493333 6.2506666.0006667c1.1505933 0 2.0833334-.9327401 2.0833334-2.0833333v-21.8977421zm4.1666667 20.27737167h-8.3333334l-.0006666 16.666h8.334z\" fill=\"#2b3744\"><\/path><\/svg>\t\t\t\t<\/p>\n<p>\n\t\t\t\t\t\tCompany\n\t\t\t\t<\/p>\n<p>\t\t\t\t0<br \/>\n\t\t\t\t<svg xmlns=\"http:\/\/www.w3.org\/2000\/svg\" height=\"42\" viewBox=\"0 0 50 42\" width=\"50\"><path d=\"m27.0833333 25.1666667c5.6586553 0 10.2634658 4.5120456 10.4129224 10.1346278l.0037443.2820388v4.1666667c0 1.1505932-.9327401 2.0833333-2.0833333 2.0833333-1.1005675 0-2.0018137-.8533954-2.0781025-1.9345501l-.0052309-.1487832v-4.1666667c0-3.3750734-2.6752368-6.1253119-6.0208731-6.245878l-.2291269-.004122h-16.6666666c-3.3750735 0-6.12531194 2.6752368-6.24587806 6.0208732l-.00412197.2291268v4.1666667c0 1.1505932-.93274011 2.0833333-2.08333334 2.0833333-1.10056743 0-2.00181367-.8533954-2.07810244-1.9345501l-.00523089-.1487832v-4.1666667c0-5.6586552 4.51204565-10.2634657 10.1346279-10.4129223l.2820388-.0037443zm15.1041661.3369877c4.5025479 1.1625514 7.6772559 5.1631139 7.8082896 9.7897208l.004211.2899581v4.1666667c0 1.1505932-.9327401 2.0833333-2.0833333 2.0833333-1.1005675 0-2.0018137-.8533954-2.0781025-1.9345501l-.0052309-.1487832.0000006-4.1651127c-.0021245-2.8482535-1.9296894-5.3348122-4.6875-6.046875-1.1140572-.287648-1.7839942-1.4239545-1.4963462-2.5380117s1.4239545-1.7839942 2.5380117-1.4963462zm-23.4374994-25.33698773c5.7529661 0 10.4166667 4.66370052 10.4166667 10.41666663 0 5.7529662-4.6637006 10.4166667-10.4166667 10.4166667s-10.41666667-4.6637005-10.41666667-10.4166667c0-5.75296611 4.66370057-10.41666663 10.41666667-10.41666663zm15.1000816.3359375c4.6091532 1.18012965 7.8329252 5.33331028 7.8329252 10.09114583 0 4.7578356-3.223772 8.9110162-7.8329252 10.0911458-1.1146372.2853922-2.2495852-.3868436-2.5349774-1.5014808s.3868436-2.2495853 1.5014808-2.5349775c2.7654919-.7080778 4.6997551-3.1999862 4.6997551-6.0546875 0-2.85470133-1.9342632-5.34660971-4.6997551-6.0546875-1.1146372-.28539221-1.786873-1.42034028-1.5014808-2.53497747s1.4203402-1.78687307 2.5349774-1.50148086zm-15.1000816 3.83072916c-3.4517797 0-6.25 2.79822032-6.25 6.24999997 0 3.4517797 2.7982203 6.25 6.25 6.25s6.25-2.7982203 6.25-6.25c0-3.45177965-2.7982203-6.24999997-6.25-6.24999997z\" fill=\"#2b3744\"><\/path><\/svg>\t\t\t\t<\/p>\n<p>\n\t\t\t\t\t\tEmployees\n\t\t\t\t<\/p>\n<p>\t\t\t\t0<br \/>\n\t\t\t\t Mrd.<br \/>\n\t\t\t\t<svg xmlns=\"http:\/\/www.w3.org\/2000\/svg\" xmlns:xlink=\"http:\/\/www.w3.org\/1999\/xlink\" height=\"42\" viewBox=\"0 0 46 42\" width=\"46\"><defs><path id=\"a\" d=\"m43.8333333.16666667c1.1505933 0 2.0833334.9327401 2.0833334 2.08333333v37.5c0 1.1505932-.9327401 2.0833333-2.0833334 2.0833333h-8.3333333c-1.1505932 0-2.0833333-.9327401-2.0833333-2.0833333v-37.5c0-1.15059323.9327401-2.08333333 2.0833333-2.08333333zm-16.6666666 10.41666663c1.1505932 0 2.0833333.9327401 2.0833333 2.0833334v27.0833333c0 1.1505932-.9327401 2.0833333-2.0833333 2.0833333h-8.3333334c-1.1505932 0-2.0833333-.9327401-2.0833333-2.0833333v-27.0833333c0-1.1505933.9327401-2.0833334 2.0833333-2.0833334zm-16.6666667 10.4166667c1.1505932 0 2.0833333.9327401 2.0833333 2.0833333v16.6666667c0 1.1505932-.9327401 2.0833333-2.0833333 2.0833333h-8.33333333c-1.15059323 0-2.08333334-.9327401-2.08333334-2.0833333v-16.6666667c0-1.1505932.93274011-2.0833333 2.08333334-2.0833333zm31.25-16.66666667h-4.1666667v33.33333337h4.1666667zm-33.33333333 20.83333337h-4.16666667v12.5h4.16666667zm16.66666663-10.4166667h-4.1666666v22.9166667h4.1666666z\"><\/path><mask id=\"b\" fill=\"#fff\"><use fill=\"#fff\" fill-rule=\"evenodd\" xlink:href=\"#a\"><\/use><\/mask><\/defs><g fill=\"none\" fill-rule=\"evenodd\"><use fill=\"#2b3744\" fill-rule=\"nonzero\" xlink:href=\"#a\"><\/use><g fill=\"#000\" mask=\"url(#b)\"><path d=\"m0 0h50v50h-50z\" transform=\"translate(-2 -4)\"><\/path><\/g><\/g><\/svg>\t\t\t\t<\/p>\n<p>\n\t\t\t\t\t\tSales\n\t\t\t\t<\/p>\n<p>\t\t\t\t0<br \/>\n\t\t\t\t Mrd.<br \/>\n\t\t\t\t<svg xmlns=\"http:\/\/www.w3.org\/2000\/svg\" height=\"46\" viewBox=\"0 0 46 46\" width=\"46\"><path d=\"m23 .08333333c12.6565255 0 22.9166667 10.26014117 22.9166667 22.91666667s-10.2601412 22.9166667-22.9166667 22.9166667-22.91666667-10.2601412-22.91666667-22.9166667 10.26014117-22.91666667 22.91666667-22.91666667zm-10.3068068 25.00065547-8.32868303.0000248c.86089656 7.785195 6.48823173 14.1337191 13.89904443 16.0626109-3.1693565-4.7649889-5.0937545-10.2787099-5.5703614-16.0626357zm28.9423021-.0000208-8.3232205-.0001976c-.4671681 5.7566242-2.3939127 11.2824091-5.5744018 16.0627743 7.4097434-1.9291177 13.0367688-8.2775485 13.8976223-16.0625767zm-12.4996296-.000366-12.2658465.0001295c.5233919 5.6523196 2.6515853 11.0373927 6.1300264 15.5188347 3.4915775-4.4975699 5.6226688-9.8995682 6.1358201-15.5189642zm-10.8744057-20.22914424-.1423221.03712623c-7.3395914 1.9733979-12.89959644 8.29015801-13.75468871 16.02495391l8.32326571-.0001813c.4671174-5.7562675 2.3936302-11.28172839 5.5737451-16.06189884zm4.7384944.542976c-3.4915775 4.49756994-5.6226688 9.89956824-6.1358201 15.51896424l12.2658573-.0000123c-.5233733-5.6523623-2.651572-11.03747888-6.1300372-15.51895194zm4.7370281-.5439184.0760216.11424774c3.1236157 4.73878649 5.0211235 10.2108112 5.4938461 15.9487604l8.3286917-.0000658c-.8607007-7.785222-6.4878624-14.13384467-13.8985594-16.06294234z\" fill=\"#2b3744\"><\/path><\/svg>\t\t\t\t<\/p>\n<p>\n\t\t\t\t\t\tExport\n\t\t\t\t<\/p>\n<h3>Potential<\/h3>\n<ul>\n<li>\n\t\t\t\t\t\t\t<svg xmlns=\"http:\/\/www.w3.org\/2000\/svg\" height=\"17\" viewBox=\"0 0 17 17\" width=\"17\"><g fill=\"none\" fill-rule=\"evenodd\" stroke=\"#06c\"><circle cx=\"8.5\" cy=\"8.5\" r=\"7.5\"><\/circle><circle cx=\"8.5\" cy=\"8.5\" fill=\"#004e9d\" r=\"3.5\"><\/circle><\/g><\/svg><br \/>\n\t\t\t\t\t\t\t\t\t\tThe growth trend of recent years could thus be continued. Over the past six years, the MedTech industry has posted constant sales growth of around 6% per year.\n\t\t\t\t\t\t\t\t\t<\/li>\n<li>\n\t\t\t\t\t\t\t<svg xmlns=\"http:\/\/www.w3.org\/2000\/svg\" height=\"17\" viewBox=\"0 0 17 17\" width=\"17\"><g fill=\"none\" fill-rule=\"evenodd\" stroke=\"#06c\"><circle cx=\"8.5\" cy=\"8.5\" r=\"7.5\"><\/circle><circle cx=\"8.5\" cy=\"8.5\" fill=\"#004e9d\" r=\"3.5\"><\/circle><\/g><\/svg><br \/>\n\t\t\t\t\t\t\t\t\t\tThe growth achieved is above that of Switzerland&#8217;s GDP in previous years (1.7% in 2016, 1.8% in 2017 and 2.8% in 2018)\n\t\t\t\t\t\t\t\t\t<\/li>\n<\/ul>\n<ul>\n<li>\n\t\t\t\t\t\t\t<svg xmlns=\"http:\/\/www.w3.org\/2000\/svg\" height=\"17\" viewBox=\"0 0 17 17\" width=\"17\"><g fill=\"none\" fill-rule=\"evenodd\" stroke=\"#06c\"><circle cx=\"8.5\" cy=\"8.5\" r=\"7.5\"><\/circle><circle cx=\"8.5\" cy=\"8.5\" fill=\"#004e9d\" r=\"3.5\"><\/circle><\/g><\/svg><br \/>\n\t\t\t\t\t\t\t\t\t\tThe Swiss MedTech industry exported a volume of 11.3 billion in 2017. This represents 5.1% of total Swiss exports.\n\t\t\t\t\t\t\t\t\t<\/li>\n<\/ul>\n","protected":false},"excerpt":{"rendered":"<p>Investoren Die Botschaft von Herr Rajko Babovic an Investoren: \u201eErhalten Sie konkurrenzlosen Zugang zu einem der f\u00fchrenden Med-Tech-Investmentangebote in der Schweiz, basierend auf SOMAPHARM\u2019s eigenen Innovationen und Innovationen von unseren gesch\u00e4tzten Partnern weltweit, und investieren Sie zusammen mit professionellen Investoren. Profitieren Sie von der zus\u00e4tzlichen Sicherheit einem etablierten, seri\u00f6sen Schweizer Unternehmen zu vertrauen, das seit [&hellip;]<\/p>\n","protected":false},"author":4,"featured_media":0,"parent":0,"menu_order":0,"comment_status":"closed","ping_status":"closed","template":"","meta":{"_acf_changed":false,"footnotes":""},"acf":[],"yoast_head":"<!-- This site is optimized with the Yoast SEO plugin v23.0 - https:\/\/yoast.com\/wordpress\/plugins\/seo\/ -->\n<title>Somapharm AG - Product innovations in medical technology<\/title>\n<meta name=\"description\" content=\"Somapharm supplies innovative medical products for the fields of neurosurgery, surgery, hemodialysis, anaesthesia, urology, general medicine and others.\" \/>\n<meta name=\"robots\" content=\"index, follow, max-snippet:-1, max-image-preview:large, max-video-preview:-1\" \/>\n<link rel=\"canonical\" href=\"https:\/\/somapharm.ch\/en\/investors\/\" \/>\n<meta property=\"og:locale\" content=\"en_US\" \/>\n<meta property=\"og:type\" content=\"article\" \/>\n<meta property=\"og:title\" content=\"Somapharm AG - Product innovations in medical technology\" \/>\n<meta property=\"og:description\" content=\"Somapharm supplies innovative medical products for the fields of neurosurgery, surgery, hemodialysis, anaesthesia, urology, general medicine and others.\" \/>\n<meta property=\"og:url\" content=\"https:\/\/somapharm.ch\/en\/investors\/\" \/>\n<meta property=\"og:site_name\" content=\"SOMA+ PHARM SWISS HOSPITAL CARE\" \/>\n<meta property=\"article:modified_time\" content=\"2023-01-27T16:25:51+00:00\" \/>\n<meta property=\"og:image\" content=\"https:\/\/somapharm.ch\/wp-content\/uploads\/2021\/02\/3H8A1856-8.jpg\" \/>\n<meta name=\"twitter:card\" content=\"summary_large_image\" \/>\n<meta name=\"twitter:label1\" content=\"Est. reading time\" \/>\n\t<meta name=\"twitter:data1\" content=\"2 minutes\" \/>\n<script type=\"application\/ld+json\" class=\"yoast-schema-graph\">{\"@context\":\"https:\/\/schema.org\",\"@graph\":[{\"@type\":\"WebPage\",\"@id\":\"https:\/\/somapharm.ch\/en\/investors\/\",\"url\":\"https:\/\/somapharm.ch\/en\/investors\/\",\"name\":\"Somapharm AG - Product innovations in medical technology\",\"isPartOf\":{\"@id\":\"https:\/\/somapharm.ch\/en\/#website\"},\"primaryImageOfPage\":{\"@id\":\"https:\/\/somapharm.ch\/en\/investors\/#primaryimage\"},\"image\":{\"@id\":\"https:\/\/somapharm.ch\/en\/investors\/#primaryimage\"},\"thumbnailUrl\":\"https:\/\/somapharm.ch\/wp-content\/uploads\/2021\/02\/3H8A1856-8.jpg\",\"datePublished\":\"2020-02-18T10:10:58+00:00\",\"dateModified\":\"2023-01-27T16:25:51+00:00\",\"description\":\"Somapharm supplies innovative medical products for the fields of neurosurgery, surgery, hemodialysis, anaesthesia, urology, general medicine and others.\",\"breadcrumb\":{\"@id\":\"https:\/\/somapharm.ch\/en\/investors\/#breadcrumb\"},\"inLanguage\":\"en-US\",\"potentialAction\":[{\"@type\":\"ReadAction\",\"target\":[\"https:\/\/somapharm.ch\/en\/investors\/\"]}]},{\"@type\":\"ImageObject\",\"inLanguage\":\"en-US\",\"@id\":\"https:\/\/somapharm.ch\/en\/investors\/#primaryimage\",\"url\":\"https:\/\/somapharm.ch\/wp-content\/uploads\/2021\/02\/3H8A1856-8.jpg\",\"contentUrl\":\"https:\/\/somapharm.ch\/wp-content\/uploads\/2021\/02\/3H8A1856-8.jpg\"},{\"@type\":\"BreadcrumbList\",\"@id\":\"https:\/\/somapharm.ch\/en\/investors\/#breadcrumb\",\"itemListElement\":[{\"@type\":\"ListItem\",\"position\":1,\"name\":\"Home\",\"item\":\"https:\/\/somapharm.ch\/en\/\"},{\"@type\":\"ListItem\",\"position\":2,\"name\":\"Investors\"}]},{\"@type\":\"WebSite\",\"@id\":\"https:\/\/somapharm.ch\/en\/#website\",\"url\":\"https:\/\/somapharm.ch\/en\/\",\"name\":\"SOMA+ PHARM SWISS HOSPITAL CARE\",\"description\":\"Swiss Hospital Care\",\"potentialAction\":[{\"@type\":\"SearchAction\",\"target\":{\"@type\":\"EntryPoint\",\"urlTemplate\":\"https:\/\/somapharm.ch\/en\/?s={search_term_string}\"},\"query-input\":\"required name=search_term_string\"}],\"inLanguage\":\"en-US\"}]}<\/script>\n<!-- \/ Yoast SEO plugin. -->","yoast_head_json":{"title":"Somapharm AG - Product innovations in medical technology","description":"Somapharm supplies innovative medical products for the fields of neurosurgery, surgery, hemodialysis, anaesthesia, urology, general medicine and others.","robots":{"index":"index","follow":"follow","max-snippet":"max-snippet:-1","max-image-preview":"max-image-preview:large","max-video-preview":"max-video-preview:-1"},"canonical":"https:\/\/somapharm.ch\/en\/investors\/","og_locale":"en_US","og_type":"article","og_title":"Somapharm AG - Product innovations in medical technology","og_description":"Somapharm supplies innovative medical products for the fields of neurosurgery, surgery, hemodialysis, anaesthesia, urology, general medicine and others.","og_url":"https:\/\/somapharm.ch\/en\/investors\/","og_site_name":"SOMA+ PHARM SWISS HOSPITAL CARE","article_modified_time":"2023-01-27T16:25:51+00:00","og_image":[{"url":"https:\/\/somapharm.ch\/wp-content\/uploads\/2021\/02\/3H8A1856-8.jpg"}],"twitter_card":"summary_large_image","twitter_misc":{"Est. reading time":"2 minutes"},"schema":{"@context":"https:\/\/schema.org","@graph":[{"@type":"WebPage","@id":"https:\/\/somapharm.ch\/en\/investors\/","url":"https:\/\/somapharm.ch\/en\/investors\/","name":"Somapharm AG - Product innovations in medical technology","isPartOf":{"@id":"https:\/\/somapharm.ch\/en\/#website"},"primaryImageOfPage":{"@id":"https:\/\/somapharm.ch\/en\/investors\/#primaryimage"},"image":{"@id":"https:\/\/somapharm.ch\/en\/investors\/#primaryimage"},"thumbnailUrl":"https:\/\/somapharm.ch\/wp-content\/uploads\/2021\/02\/3H8A1856-8.jpg","datePublished":"2020-02-18T10:10:58+00:00","dateModified":"2023-01-27T16:25:51+00:00","description":"Somapharm supplies innovative medical products for the fields of neurosurgery, surgery, hemodialysis, anaesthesia, urology, general medicine and others.","breadcrumb":{"@id":"https:\/\/somapharm.ch\/en\/investors\/#breadcrumb"},"inLanguage":"en-US","potentialAction":[{"@type":"ReadAction","target":["https:\/\/somapharm.ch\/en\/investors\/"]}]},{"@type":"ImageObject","inLanguage":"en-US","@id":"https:\/\/somapharm.ch\/en\/investors\/#primaryimage","url":"https:\/\/somapharm.ch\/wp-content\/uploads\/2021\/02\/3H8A1856-8.jpg","contentUrl":"https:\/\/somapharm.ch\/wp-content\/uploads\/2021\/02\/3H8A1856-8.jpg"},{"@type":"BreadcrumbList","@id":"https:\/\/somapharm.ch\/en\/investors\/#breadcrumb","itemListElement":[{"@type":"ListItem","position":1,"name":"Home","item":"https:\/\/somapharm.ch\/en\/"},{"@type":"ListItem","position":2,"name":"Investors"}]},{"@type":"WebSite","@id":"https:\/\/somapharm.ch\/en\/#website","url":"https:\/\/somapharm.ch\/en\/","name":"SOMA+ PHARM SWISS HOSPITAL CARE","description":"Swiss Hospital Care","potentialAction":[{"@type":"SearchAction","target":{"@type":"EntryPoint","urlTemplate":"https:\/\/somapharm.ch\/en\/?s={search_term_string}"},"query-input":"required name=search_term_string"}],"inLanguage":"en-US"}]}},"_links":{"self":[{"href":"https:\/\/somapharm.ch\/en\/wp-json\/wp\/v2\/pages\/415"}],"collection":[{"href":"https:\/\/somapharm.ch\/en\/wp-json\/wp\/v2\/pages"}],"about":[{"href":"https:\/\/somapharm.ch\/en\/wp-json\/wp\/v2\/types\/page"}],"author":[{"embeddable":true,"href":"https:\/\/somapharm.ch\/en\/wp-json\/wp\/v2\/users\/4"}],"replies":[{"embeddable":true,"href":"https:\/\/somapharm.ch\/en\/wp-json\/wp\/v2\/comments?post=415"}],"version-history":[{"count":5,"href":"https:\/\/somapharm.ch\/en\/wp-json\/wp\/v2\/pages\/415\/revisions"}],"predecessor-version":[{"id":3486,"href":"https:\/\/somapharm.ch\/en\/wp-json\/wp\/v2\/pages\/415\/revisions\/3486"}],"wp:attachment":[{"href":"https:\/\/somapharm.ch\/en\/wp-json\/wp\/v2\/media?parent=415"}],"curies":[{"name":"wp","href":"https:\/\/api.w.org\/{rel}","templated":true}]}}